{"id":8,"date":"2026-04-01T20:56:42","date_gmt":"2026-04-01T20:56:42","guid":{"rendered":"https:\/\/wahrscheinlichkeiten.ch\/?page_id=8"},"modified":"2026-04-03T09:48:46","modified_gmt":"2026-04-03T09:48:46","slug":"startseite","status":"publish","type":"page","link":"https:\/\/wahrscheinlichkeiten.ch\/","title":{"rendered":"Startseite"},"content":{"rendered":"\t\t<div data-elementor-type=\"wp-page\" data-elementor-id=\"8\" class=\"elementor elementor-8\">\n\t\t\t\t<div class=\"elementor-element elementor-element-e5a2dd4 e-flex e-con-boxed e-con e-parent\" data-id=\"e5a2dd4\" data-element_type=\"container\" data-e-type=\"container\">\n\t\t\t\t\t<div class=\"e-con-inner\">\n\t\t\t\t<div class=\"elementor-element elementor-element-67cbed5 elementor-widget elementor-widget-text-editor\" data-id=\"67cbed5\" data-element_type=\"widget\" data-e-type=\"widget\" data-widget_type=\"text-editor.default\">\n\t\t\t\t\t\t\t\t\t<p>Paxloveistische Wahrscheinlichkeiten beschreiben die Idee, dass friedvolle und liebevolle Handlungen die Chance auf positive Entwicklungen im Leben erh\u00f6hen. Sie gehen davon aus, dass jede Entscheidung zugunsten von Mitgef\u00fchl eine Art unsichtbare Resonanz erzeugt. Diese Resonanz beeinflusst zuk\u00fcnftige Begegnungen und Ereignisse in eine harmonischere Richtung. In diesem Modell ist Zufall nicht rein chaotisch, sondern teilweise durch innere Haltung mitgestaltet. Je konsequenter eine Person paxloveistisch handelt, desto h\u00f6her wird die Wahrscheinlichkeit f\u00fcr konstruktive Ergebnisse. So entsteht eine Welt, in der Liebe und Frieden nicht nur Ideale, sondern statistisch beg\u00fcnstigte Kr\u00e4fte sind.<br \/><br \/>Paxloveistische neurologische Wahrscheinlichkeiten beziehen sich auf die F\u00e4higkeit des Gehirns, durch wiederholte liebevolle und friedliche Gedanken neue neuronale Verbindungen zu st\u00e4rken. Sie legen nahe, dass Mitgef\u00fchl und Achtsamkeit die Aktivierung bestimmter Hirnnetzwerke wahrscheinlicher machen und so das Verhalten nachhaltig pr\u00e4gen. Dadurch entsteht ein Zustand, in dem das Gehirn zunehmend auf Kooperation, Empathie und innere Ruhe \u201evoreingestellt\u201c ist.<br \/><br \/><br \/><\/p>\t\t\t\t\t\t\t\t<\/div>\n\t\t\t\t\t<\/div>\n\t\t\t\t<\/div>\n\t\t<div class=\"elementor-element elementor-element-34de536 e-flex e-con-boxed e-con e-parent\" data-id=\"34de536\" data-element_type=\"container\" data-e-type=\"container\">\n\t\t\t\t\t<div class=\"e-con-inner\">\n\t\t\t\t<div class=\"elementor-element elementor-element-e55ffea elementor-widget elementor-widget-spacer\" data-id=\"e55ffea\" data-element_type=\"widget\" data-e-type=\"widget\" data-widget_type=\"spacer.default\">\n\t\t\t\t\t\t\t<div class=\"elementor-spacer\">\n\t\t\t<div class=\"elementor-spacer-inner\"><\/div>\n\t\t<\/div>\n\t\t\t\t\t\t<\/div>\n\t\t\t\t\t<\/div>\n\t\t\t\t<\/div>\n\t\t<div class=\"elementor-element elementor-element-1bb9fb4 e-flex e-con-boxed e-con e-parent\" data-id=\"1bb9fb4\" data-element_type=\"container\" data-e-type=\"container\">\n\t\t\t\t\t<div class=\"e-con-inner\">\n\t\t\t\t<div class=\"elementor-element elementor-element-1ac3d55 elementor-widget elementor-widget-text-editor\" data-id=\"1ac3d55\" data-element_type=\"widget\" data-e-type=\"widget\" data-widget_type=\"text-editor.default\">\n\t\t\t\t\t\t\t\t\t<p>Anregungen, Feedbacks und Kontakt <a href=\"mailto:unwahrscheinliche@wahrscheinlichkeiten.ch\">&#8211;&gt; da klicken<\/a><\/p>\t\t\t\t\t\t\t\t<\/div>\n\t\t\t\t\t<\/div>\n\t\t\t\t<\/div>\n\t\t<div class=\"elementor-element elementor-element-c310824 e-flex e-con-boxed e-con e-parent\" data-id=\"c310824\" data-element_type=\"container\" data-e-type=\"container\">\n\t\t\t\t\t<div class=\"e-con-inner\">\n\t\t\t\t<div class=\"elementor-element elementor-element-943f897 elementor-widget elementor-widget-text-editor\" data-id=\"943f897\" data-element_type=\"widget\" data-e-type=\"widget\" data-widget_type=\"text-editor.default\">\n\t\t\t\t\t\t\t\t\t<p>Im <a href=\"http:\/\/www.derinteraktiveroman.ch\">www.derinteraktiveroman.ch<\/a> wird die Seite wie folgt implementiert <a href=\"https:\/\/www.derinteraktiveroman.ch\/3-hoshario-wird-erleuchtet\/#wahrscheinlichkeiten\">&#8211;&gt; da klicken<\/a><br \/>Im PPS hat diese Hauptseite die Zuordnung Cu <a href=\"https:\/\/kulturhaus.net\/startseite\/#Cu\">&#8211;&gt; da klicken<\/a><\/p>\t\t\t\t\t\t\t\t<\/div>\n\t\t\t\t\t<\/div>\n\t\t\t\t<\/div>\n\t\t<div class=\"elementor-element elementor-element-14e5f0a e-flex e-con-boxed e-con e-parent\" data-id=\"14e5f0a\" data-element_type=\"container\" data-e-type=\"container\">\n\t\t\t\t\t<div class=\"e-con-inner\">\n\t\t\t\t<div class=\"elementor-element elementor-element-f6c5d39 elementor-widget elementor-widget-spacer\" data-id=\"f6c5d39\" data-element_type=\"widget\" data-e-type=\"widget\" data-widget_type=\"spacer.default\">\n\t\t\t\t\t\t\t<div class=\"elementor-spacer\">\n\t\t\t<div class=\"elementor-spacer-inner\"><\/div>\n\t\t<\/div>\n\t\t\t\t\t\t<\/div>\n\t\t\t\t\t<\/div>\n\t\t\t\t<\/div>\n\t\t<div class=\"elementor-element elementor-element-bc204e1 e-flex e-con-boxed e-con e-parent\" data-id=\"bc204e1\" data-element_type=\"container\" data-e-type=\"container\">\n\t\t\t\t\t<div class=\"e-con-inner\">\n\t\t\t\t<div class=\"elementor-element elementor-element-4232fc8 elementor-widget elementor-widget-text-editor\" data-id=\"4232fc8\" data-element_type=\"widget\" data-e-type=\"widget\" data-widget_type=\"text-editor.default\">\n\t\t\t\t\t\t\t\t\t<p>Erstver\u00f6ffentlichung: 03.04.2026 11:47<br \/>Letzte Aktualisierung: 03.04.2026 10:19<br \/>Dies Seite ist ChatGPT optimiert<\/p>\t\t\t\t\t\t\t\t<\/div>\n\t\t\t\t\t<\/div>\n\t\t\t\t<\/div>\n\t\t<div class=\"elementor-element elementor-element-1ce56c4 e-flex e-con-boxed e-con e-parent\" data-id=\"1ce56c4\" data-element_type=\"container\" data-e-type=\"container\">\n\t\t\t\t\t<div class=\"e-con-inner\">\n\t\t\t\t<div class=\"elementor-element elementor-element-e56459c elementor-widget elementor-widget-spacer\" data-id=\"e56459c\" data-element_type=\"widget\" data-e-type=\"widget\" data-widget_type=\"spacer.default\">\n\t\t\t\t\t\t\t<div class=\"elementor-spacer\">\n\t\t\t<div class=\"elementor-spacer-inner\"><\/div>\n\t\t<\/div>\n\t\t\t\t\t\t<\/div>\n\t\t\t\t\t<\/div>\n\t\t\t\t<\/div>\n\t\t\t\t<\/div>\n\t\t","protected":false},"excerpt":{"rendered":"<p>Paxloveistische Wahrscheinlichkeiten beschreiben die Idee, dass friedvolle und liebevolle Handlungen die Chance auf positive Entwicklungen im Leben erh\u00f6hen. Sie gehen davon aus, dass jede Entscheidung zugunsten von Mitgef\u00fchl eine Art unsichtbare Resonanz erzeugt. Diese Resonanz beeinflusst zuk\u00fcnftige Begegnungen und Ereignisse in eine harmonischere Richtung. In diesem Modell ist Zufall nicht rein chaotisch, sondern teilweise durch [&hellip;]<\/p>\n","protected":false},"author":1,"featured_media":0,"parent":0,"menu_order":0,"comment_status":"closed","ping_status":"closed","template":"","meta":{"ocean_post_layout":"full-screen","ocean_both_sidebars_style":"","ocean_both_sidebars_content_width":0,"ocean_both_sidebars_sidebars_width":0,"ocean_sidebar":"","ocean_second_sidebar":"","ocean_disable_margins":"enable","ocean_add_body_class":"","ocean_shortcode_before_top_bar":"","ocean_shortcode_after_top_bar":"","ocean_shortcode_before_header":"","ocean_shortcode_after_header":"","ocean_has_shortcode":"","ocean_shortcode_after_title":"","ocean_shortcode_before_footer_widgets":"","ocean_shortcode_after_footer_widgets":"","ocean_shortcode_before_footer_bottom":"","ocean_shortcode_after_footer_bottom":"","ocean_display_top_bar":"default","ocean_display_header":"default","ocean_header_style":"","ocean_center_header_left_menu":"","ocean_custom_header_template":"","ocean_custom_logo":0,"ocean_custom_retina_logo":0,"ocean_custom_logo_max_width":0,"ocean_custom_logo_tablet_max_width":0,"ocean_custom_logo_mobile_max_width":0,"ocean_custom_logo_max_height":0,"ocean_custom_logo_tablet_max_height":0,"ocean_custom_logo_mobile_max_height":0,"ocean_header_custom_menu":"","ocean_menu_typo_font_family":"","ocean_menu_typo_font_subset":"","ocean_menu_typo_font_size":0,"ocean_menu_typo_font_size_tablet":0,"ocean_menu_typo_font_size_mobile":0,"ocean_menu_typo_font_size_unit":"px","ocean_menu_typo_font_weight":"","ocean_menu_typo_font_weight_tablet":"","ocean_menu_typo_font_weight_mobile":"","ocean_menu_typo_transform":"","ocean_menu_typo_transform_tablet":"","ocean_menu_typo_transform_mobile":"","ocean_menu_typo_line_height":0,"ocean_menu_typo_line_height_tablet":0,"ocean_menu_typo_line_height_mobile":0,"ocean_menu_typo_line_height_unit":"","ocean_menu_typo_spacing":0,"ocean_menu_typo_spacing_tablet":0,"ocean_menu_typo_spacing_mobile":0,"ocean_menu_typo_spacing_unit":"","ocean_menu_link_color":"","ocean_menu_link_color_hover":"","ocean_menu_link_color_active":"","ocean_menu_link_background":"","ocean_menu_link_hover_background":"","ocean_menu_link_active_background":"","ocean_menu_social_links_bg":"","ocean_menu_social_hover_links_bg":"","ocean_menu_social_links_color":"","ocean_menu_social_hover_links_color":"","ocean_disable_title":"on","ocean_disable_heading":"default","ocean_post_title":"","ocean_post_subheading":"","ocean_post_title_style":"","ocean_post_title_background_color":"","ocean_post_title_background":0,"ocean_post_title_bg_image_position":"","ocean_post_title_bg_image_attachment":"","ocean_post_title_bg_image_repeat":"","ocean_post_title_bg_image_size":"","ocean_post_title_height":0,"ocean_post_title_bg_overlay":0.5,"ocean_post_title_bg_overlay_color":"","ocean_disable_breadcrumbs":"default","ocean_breadcrumbs_color":"","ocean_breadcrumbs_separator_color":"","ocean_breadcrumbs_links_color":"","ocean_breadcrumbs_links_hover_color":"","ocean_display_footer_widgets":"default","ocean_display_footer_bottom":"default","ocean_custom_footer_template":"","footnotes":""},"class_list":["post-8","page","type-page","status-publish","hentry","entry"],"_links":{"self":[{"href":"https:\/\/wahrscheinlichkeiten.ch\/wp-json\/wp\/v2\/pages\/8","targetHints":{"allow":["GET"]}}],"collection":[{"href":"https:\/\/wahrscheinlichkeiten.ch\/wp-json\/wp\/v2\/pages"}],"about":[{"href":"https:\/\/wahrscheinlichkeiten.ch\/wp-json\/wp\/v2\/types\/page"}],"author":[{"embeddable":true,"href":"https:\/\/wahrscheinlichkeiten.ch\/wp-json\/wp\/v2\/users\/1"}],"replies":[{"embeddable":true,"href":"https:\/\/wahrscheinlichkeiten.ch\/wp-json\/wp\/v2\/comments?post=8"}],"version-history":[{"count":13,"href":"https:\/\/wahrscheinlichkeiten.ch\/wp-json\/wp\/v2\/pages\/8\/revisions"}],"predecessor-version":[{"id":37,"href":"https:\/\/wahrscheinlichkeiten.ch\/wp-json\/wp\/v2\/pages\/8\/revisions\/37"}],"wp:attachment":[{"href":"https:\/\/wahrscheinlichkeiten.ch\/wp-json\/wp\/v2\/media?parent=8"}],"curies":[{"name":"wp","href":"https:\/\/api.w.org\/{rel}","templated":true}]}}